{"id":115,"date":"2024-11-25T23:54:06","date_gmt":"2024-11-25T23:54:06","guid":{"rendered":"https:\/\/fwdpanama.com\/desarrollo-pagina-web\/?page_id=115"},"modified":"2026-03-17T00:33:42","modified_gmt":"2026-03-17T00:33:42","slug":"contacto","status":"publish","type":"page","link":"https:\/\/fwdpanama.com\/desarrollo-pagina-web\/contacto\/","title":{"rendered":"Contacto"},"content":{"rendered":"\t\t<div data-elementor-type=\"wp-page\" data-elementor-id=\"115\" class=\"elementor elementor-115\" data-elementor-post-type=\"page\">\n\t\t\t\t\t\t<header class=\"elementor-section elementor-top-section elementor-element elementor-element-1cd8393d elementor-section-height-min-height elementor-section-items-stretch elementor-section-content-middle elementor-section-boxed elementor-section-height-default\" data-id=\"1cd8393d\" data-element_type=\"section\" data-settings=\"{&quot;background_background&quot;:&quot;classic&quot;}\">\n\t\t\t\t\t\t\t<div class=\"elementor-background-overlay\"><\/div>\n\t\t\t\t\t\t\t<div class=\"elementor-container elementor-column-gap-default\">\n\t\t\t\t\t<div class=\"elementor-column elementor-col-100 elementor-top-column elementor-element elementor-element-4aa4c8a3\" data-id=\"4aa4c8a3\" data-element_type=\"column\">\n\t\t\t<div class=\"elementor-widget-wrap elementor-element-populated\">\n\t\t\t\t\t\t<div class=\"elementor-element elementor-element-10fc9ac3 elementor-widget__width-auto elementor-widget elementor-widget-heading\" data-id=\"10fc9ac3\" data-element_type=\"widget\" data-widget_type=\"heading.default\">\n\t\t\t\t<div class=\"elementor-widget-container\">\n\t\t\t<h1 class=\"elementor-heading-title elementor-size-default\">contacto<\/h1>\t\t<\/div>\n\t\t\t\t<\/div>\n\t\t\t\t<div class=\"elementor-element elementor-element-6b42c8e9 elementor-widget elementor-widget-image\" data-id=\"6b42c8e9\" data-element_type=\"widget\" data-widget_type=\"image.default\">\n\t\t\t\t<div class=\"elementor-widget-container\">\n\t\t\t\t\t\t\t\t\t\t\t\t\t<img decoding=\"async\" width=\"53\" height=\"55\" src=\"https:\/\/fwdpanama.com\/desarrollo-pagina-web\/wp-content\/uploads\/2024\/11\/detail4.png\" class=\"attachment-large size-large wp-image-13\" alt=\"\" \/>\t\t\t\t\t\t\t\t\t\t\t\t\t<\/div>\n\t\t\t\t<\/div>\n\t\t\t\t\t<\/div>\n\t\t<\/div>\n\t\t\t\t\t<\/div>\n\t\t<\/header>\n\t\t\t\t<section class=\"elementor-section elementor-top-section elementor-element elementor-element-57e5c587 elementor-section-stretched elementor-section-boxed elementor-section-height-default elementor-section-height-default\" data-id=\"57e5c587\" data-element_type=\"section\" data-settings=\"{&quot;stretch_section&quot;:&quot;section-stretched&quot;,&quot;background_background&quot;:&quot;classic&quot;}\">\n\t\t\t\t\t\t<div class=\"elementor-container elementor-column-gap-default\">\n\t\t\t\t\t<header class=\"elementor-column elementor-col-50 elementor-top-column elementor-element elementor-element-3b5de345\" data-id=\"3b5de345\" data-element_type=\"column\" data-settings=\"{&quot;background_background&quot;:&quot;classic&quot;}\">\n\t\t\t<div class=\"elementor-widget-wrap\">\n\t\t\t\t\t<div class=\"elementor-background-overlay\"><\/div>\n\t\t\t\t\t\t\t<\/div>\n\t\t<\/header>\n\t\t\t\t<div class=\"elementor-column elementor-col-50 elementor-top-column elementor-element elementor-element-33fb18bc\" data-id=\"33fb18bc\" data-element_type=\"column\">\n\t\t\t<div class=\"elementor-widget-wrap elementor-element-populated\">\n\t\t\t\t\t\t<div class=\"elementor-element elementor-element-7a3e2b17 elementor-widget elementor-widget-heading\" data-id=\"7a3e2b17\" data-element_type=\"widget\" data-widget_type=\"heading.default\">\n\t\t\t\t<div class=\"elementor-widget-container\">\n\t\t\t<h6 class=\"elementor-heading-title elementor-size-default\">Rellene el formulario de abajo para cotizar nuestros servicios<\/h6>\t\t<\/div>\n\t\t\t\t<\/div>\n\t\t\t\t<div class=\"elementor-element elementor-element-33a63920 elementor-widget elementor-widget-heading\" data-id=\"33a63920\" data-element_type=\"widget\" data-widget_type=\"heading.default\">\n\t\t\t\t<div class=\"elementor-widget-container\">\n\t\t\t<h2 class=\"elementor-heading-title elementor-size-default\">Comun\u00edquese con nosotros<\/h2>\t\t<\/div>\n\t\t\t\t<\/div>\n\t\t\t\t<div class=\"elementor-element elementor-element-20de5aa elementor-align-left elementor-icon-list--layout-inline elementor-list-item-link-full_width elementor-widget elementor-widget-icon-list\" data-id=\"20de5aa\" data-element_type=\"widget\" data-widget_type=\"icon-list.default\">\n\t\t\t\t<div class=\"elementor-widget-container\">\n\t\t\t\t\t<ul class=\"elementor-icon-list-items elementor-inline-items\">\n\t\t\t\t\t\t\t<li class=\"elementor-icon-list-item elementor-inline-item\">\n\t\t\t\t\t\t\t\t\t\t\t<span class=\"elementor-icon-list-icon\">\n\t\t\t\t\t\t\t<svg aria-hidden=\"true\" class=\"e-font-icon-svg e-fas-phone\" viewBox=\"0 0 512 512\" xmlns=\"http:\/\/www.w3.org\/2000\/svg\"><path d=\"M493.4 24.6l-104-24c-11.3-2.6-22.9 3.3-27.5 13.9l-48 112c-4.2 9.8-1.4 21.3 6.9 28l60.6 49.6c-36 76.7-98.9 140.5-177.2 177.2l-49.6-60.6c-6.8-8.3-18.2-11.1-28-6.9l-112 48C3.9 366.5-2 378.1.6 389.4l24 104C27.1 504.2 36.7 512 48 512c256.1 0 464-207.5 464-464 0-11.2-7.7-20.9-18.6-23.4z\"><\/path><\/svg>\t\t\t\t\t\t<\/span>\n\t\t\t\t\t\t\t\t\t\t<span class=\"elementor-icon-list-text\">Whatsapp.: +507 68016060<\/span>\n\t\t\t\t\t\t\t\t\t<\/li>\n\t\t\t\t\t\t\t\t<li class=\"elementor-icon-list-item elementor-inline-item\">\n\t\t\t\t\t\t\t\t\t\t\t<span class=\"elementor-icon-list-icon\">\n\t\t\t\t\t\t\t<svg aria-hidden=\"true\" class=\"e-font-icon-svg e-fas-envelope\" viewBox=\"0 0 512 512\" xmlns=\"http:\/\/www.w3.org\/2000\/svg\"><path d=\"M502.3 190.8c3.9-3.1 9.7-.2 9.7 4.7V400c0 26.5-21.5 48-48 48H48c-26.5 0-48-21.5-48-48V195.6c0-5 5.7-7.8 9.7-4.7 22.4 17.4 52.1 39.5 154.1 113.6 21.1 15.4 56.7 47.8 92.2 47.6 35.7.3 72-32.8 92.3-47.6 102-74.1 131.6-96.3 154-113.7zM256 320c23.2.4 56.6-29.2 73.4-41.4 132.7-96.3 142.8-104.7 173.4-128.7 5.8-4.5 9.2-11.5 9.2-18.9v-19c0-26.5-21.5-48-48-48H48C21.5 64 0 85.5 0 112v19c0 7.4 3.4 14.3 9.2 18.9 30.6 23.9 40.7 32.4 173.4 128.7 16.8 12.2 50.2 41.8 73.4 41.4z\"><\/path><\/svg>\t\t\t\t\t\t<\/span>\n\t\t\t\t\t\t\t\t\t\t<span class=\"elementor-icon-list-text\">Email: info@fwdpanama.com<\/span>\n\t\t\t\t\t\t\t\t\t<\/li>\n\t\t\t\t\t\t<\/ul>\n\t\t\t\t<\/div>\n\t\t\t\t<\/div>\n\t\t\t\t<div class=\"elementor-element elementor-element-c449847 elementor-widget elementor-widget-text-editor\" data-id=\"c449847\" data-element_type=\"widget\" data-widget_type=\"text-editor.default\">\n\t\t\t\t<div class=\"elementor-widget-container\">\n\t\t\t\t\t\t\t<p>FORMULARIO<\/p>\t\t\t\t\t\t<\/div>\n\t\t\t\t<\/div>\n\t\t\t\t<div class=\"elementor-element elementor-element-4bcc0a76 elementor-button-align-stretch elementor-widget elementor-widget-form\" data-id=\"4bcc0a76\" data-element_type=\"widget\" data-settings=\"{&quot;step_next_label&quot;:&quot;Next&quot;,&quot;step_previous_label&quot;:&quot;Previous&quot;,&quot;button_width&quot;:&quot;100&quot;,&quot;step_type&quot;:&quot;number_text&quot;,&quot;step_icon_shape&quot;:&quot;circle&quot;}\" data-widget_type=\"form.default\">\n\t\t\t\t<div class=\"elementor-widget-container\">\n\t\t\t\t\t<form class=\"elementor-form\" method=\"post\" name=\"New Form\">\n\t\t\t<input type=\"hidden\" name=\"post_id\" value=\"115\"\/>\n\t\t\t<input type=\"hidden\" name=\"form_id\" value=\"4bcc0a76\"\/>\n\t\t\t<input type=\"hidden\" name=\"referer_title\" value=\"Future Web Design\" \/>\n\n\t\t\t\n\t\t\t<div class=\"elementor-form-fields-wrapper elementor-labels-\">\n\t\t\t\t\t\t\t\t<div class=\"elementor-field-type-text elementor-field-group elementor-column elementor-field-group-name elementor-col-100\">\n\t\t\t\t\t\t\t\t\t\t\t\t<label for=\"form-field-name\" class=\"elementor-field-label elementor-screen-only\">\n\t\t\t\t\t\t\t\tName\t\t\t\t\t\t\t<\/label>\n\t\t\t\t\t\t\t\t\t\t\t\t\t\t<input size=\"1\" type=\"text\" name=\"form_fields[name]\" id=\"form-field-name\" class=\"elementor-field elementor-size-sm  elementor-field-textual\" placeholder=\"Nombre:\">\n\t\t\t\t\t\t\t\t\t\t\t<\/div>\n\t\t\t\t\t\t\t\t<div class=\"elementor-field-type-email elementor-field-group elementor-column elementor-field-group-email elementor-col-100 elementor-field-required\">\n\t\t\t\t\t\t\t\t\t\t\t\t<label for=\"form-field-email\" class=\"elementor-field-label elementor-screen-only\">\n\t\t\t\t\t\t\t\tEmail\t\t\t\t\t\t\t<\/label>\n\t\t\t\t\t\t\t\t\t\t\t\t\t\t<input size=\"1\" type=\"email\" name=\"form_fields[email]\" id=\"form-field-email\" class=\"elementor-field elementor-size-sm  elementor-field-textual\" placeholder=\"Email:\" required=\"required\" aria-required=\"true\">\n\t\t\t\t\t\t\t\t\t\t\t<\/div>\n\t\t\t\t\t\t\t\t<div class=\"elementor-field-type-text elementor-field-group elementor-column elementor-field-group-field_962b3cc elementor-col-100\">\n\t\t\t\t\t\t\t\t\t\t\t\t<label for=\"form-field-field_962b3cc\" class=\"elementor-field-label elementor-screen-only\">\n\t\t\t\t\t\t\t\tWhatsapp\t\t\t\t\t\t\t<\/label>\n\t\t\t\t\t\t\t\t\t\t\t\t\t\t<input size=\"1\" type=\"text\" name=\"form_fields[field_962b3cc]\" id=\"form-field-field_962b3cc\" class=\"elementor-field elementor-size-sm  elementor-field-textual\" placeholder=\"Whatsapp:\">\n\t\t\t\t\t\t\t\t\t\t\t<\/div>\n\t\t\t\t\t\t\t\t<div class=\"elementor-field-type-textarea elementor-field-group elementor-column elementor-field-group-message elementor-col-100\">\n\t\t\t\t\t\t\t\t\t\t\t\t<label for=\"form-field-message\" class=\"elementor-field-label elementor-screen-only\">\n\t\t\t\t\t\t\t\tMessage\t\t\t\t\t\t\t<\/label>\n\t\t\t\t\t\t<textarea class=\"elementor-field-textual elementor-field  elementor-size-sm\" name=\"form_fields[message]\" id=\"form-field-message\" rows=\"4\" placeholder=\"Mensaje:\"><\/textarea>\t\t\t\t<\/div>\n\t\t\t\t\t\t\t\t<div class=\"elementor-field-group elementor-column elementor-field-type-submit elementor-col-100 e-form__buttons\">\n\t\t\t\t\t<button type=\"submit\" class=\"elementor-button elementor-size-md elementor-animation-shrink\">\n\t\t\t\t\t\t<span >\n\t\t\t\t\t\t\t\t\t\t\t\t\t\t\t<span class=\" elementor-button-icon\">\n\t\t\t\t\t\t\t\t\t\t\t\t\t\t\t\t\t\t\t\t\t\t\t\t\t\t<\/span>\n\t\t\t\t\t\t\t\t\t\t\t\t\t\t\t\t\t\t\t\t\t\t<span class=\"elementor-button-text\">Enviar<\/span>\n\t\t\t\t\t\t\t\t\t\t\t\t\t<\/span>\n\t\t\t\t\t<\/button>\n\t\t\t\t<\/div>\n\t\t\t<\/div>\n\t\t<\/form>\n\t\t\t\t<\/div>\n\t\t\t\t<\/div>\n\t\t\t\t\t<\/div>\n\t\t<\/div>\n\t\t\t\t\t<\/div>\n\t\t<\/section>\n\t\t\t\t<header class=\"elementor-section elementor-top-section elementor-element elementor-element-2707d0b5 elementor-section-height-min-height elementor-section-items-stretch elementor-section-boxed elementor-section-height-default\" data-id=\"2707d0b5\" data-element_type=\"section\" data-settings=\"{&quot;background_background&quot;:&quot;classic&quot;}\">\n\t\t\t\t\t\t\t<div class=\"elementor-background-overlay\"><\/div>\n\t\t\t\t\t\t\t<div class=\"elementor-container elementor-column-gap-default\">\n\t\t\t\t\t<div class=\"elementor-column elementor-col-100 elementor-top-column elementor-element elementor-element-4bdd6a7f\" data-id=\"4bdd6a7f\" data-element_type=\"column\">\n\t\t\t<div class=\"elementor-widget-wrap elementor-element-populated\">\n\t\t\t\t\t\t<div class=\"elementor-element elementor-element-4ee9faa elementor-widget elementor-widget-image\" data-id=\"4ee9faa\" data-element_type=\"widget\" data-widget_type=\"image.default\">\n\t\t\t\t<div class=\"elementor-widget-container\">\n\t\t\t\t\t\t\t\t\t\t\t\t\t<img decoding=\"async\" width=\"53\" height=\"55\" src=\"https:\/\/fwdpanama.com\/desarrollo-pagina-web\/wp-content\/uploads\/2024\/11\/detail4.png\" class=\"attachment-large size-large wp-image-13\" alt=\"\" \/>\t\t\t\t\t\t\t\t\t\t\t\t\t<\/div>\n\t\t\t\t<\/div>\n\t\t\t\t<div class=\"elementor-element elementor-element-7a0b4a86 elementor-widget elementor-widget-heading\" data-id=\"7a0b4a86\" data-element_type=\"widget\" data-widget_type=\"heading.default\">\n\t\t\t\t<div class=\"elementor-widget-container\">\n\t\t\t<h2 class=\"elementor-heading-title elementor-size-default\">Tu crecimiento es nuestra prioridad,<br>\nte acompa\u00f1amos en cada paso del camino.<br><\/h2>\t\t<\/div>\n\t\t\t\t<\/div>\n\t\t\t\t<div class=\"elementor-element elementor-element-7973faf9 elementor-align-left elementor-mobile-align-justify elementor-widget__width-auto elementor-widget elementor-widget-button\" data-id=\"7973faf9\" data-element_type=\"widget\" data-widget_type=\"button.default\">\n\t\t\t\t<div class=\"elementor-widget-container\">\n\t\t\t\t\t\t\t<div class=\"elementor-button-wrapper\">\n\t\t\t\t\t<a class=\"elementor-button elementor-button-link elementor-size-lg elementor-animation-float\" href=\"https:\/\/wa.me\/50768016060?text=Deseo%20agendar%20una%20llamada%20para%20cotizar%20sus%20servicios%20para%20mi%20empresa\" target=\"_blank\">\n\t\t\t\t\t\t<span class=\"elementor-button-content-wrapper\">\n\t\t\t\t\t\t\t\t\t<span class=\"elementor-button-text\">Agenda una llamada<\/span>\n\t\t\t\t\t<\/span>\n\t\t\t\t\t<\/a>\n\t\t\t\t<\/div>\n\t\t\t\t\t\t<\/div>\n\t\t\t\t<\/div>\n\t\t\t\t\t<\/div>\n\t\t<\/div>\n\t\t\t\t\t<\/div>\n\t\t<\/header>\n\t\t\t\t<\/div>\n\t\t","protected":false},"excerpt":{"rendered":"<p>contacto Rellene el formulario de abajo para cotizar nuestros servicios Comun\u00edquese con nosotros Whatsapp.: +507 68016060 Email: info@fwdpanama.com FORMULARIO Tu crecimiento es nuestra prioridad, te acompa\u00f1amos en cada paso del camino. Agenda una llamada<\/p>\n","protected":false},"author":2,"featured_media":0,"parent":0,"menu_order":0,"comment_status":"closed","ping_status":"closed","template":"","meta":{"footnotes":""},"class_list":["post-115","page","type-page","status-publish","hentry"],"yoast_head":"<!-- This site is optimized with the Yoast SEO plugin v24.0 - https:\/\/yoast.com\/wordpress\/plugins\/seo\/ -->\n<title>Contacto - Future Web Design<\/title>\n<meta name=\"robots\" content=\"index, follow, max-snippet:-1, max-image-preview:large, max-video-preview:-1\" \/>\n<link rel=\"canonical\" href=\"https:\/\/fwdpanama.com\/desarrollo-pagina-web\/contacto\/\" \/>\n<meta property=\"og:locale\" content=\"es_ES\" \/>\n<meta property=\"og:type\" content=\"article\" \/>\n<meta property=\"og:title\" content=\"Contacto - Future Web Design\" \/>\n<meta property=\"og:description\" content=\"contacto Rellene el formulario de abajo para cotizar nuestros servicios Comun\u00edquese con nosotros Whatsapp.: +507 68016060 Email: info@fwdpanama.com FORMULARIO Tu crecimiento es nuestra prioridad, te acompa\u00f1amos en cada paso del camino. Agenda una llamada\" \/>\n<meta property=\"og:url\" content=\"https:\/\/fwdpanama.com\/desarrollo-pagina-web\/contacto\/\" \/>\n<meta property=\"og:site_name\" content=\"Future Web Design\" \/>\n<meta property=\"article:modified_time\" content=\"2026-03-17T00:33:42+00:00\" \/>\n<meta property=\"og:image\" content=\"https:\/\/fwdpanama.com\/desarrollo-pagina-web\/wp-content\/uploads\/2024\/11\/detail4.png\" \/>\n\t<meta property=\"og:image:width\" content=\"53\" \/>\n\t<meta property=\"og:image:height\" content=\"55\" \/>\n\t<meta property=\"og:image:type\" content=\"image\/png\" \/>\n<meta name=\"twitter:card\" content=\"summary_large_image\" \/>\n<meta name=\"twitter:label1\" content=\"Tiempo de lectura\" \/>\n\t<meta name=\"twitter:data1\" content=\"1 minuto\" \/>\n<script type=\"application\/ld+json\" class=\"yoast-schema-graph\">{\"@context\":\"https:\/\/schema.org\",\"@graph\":[{\"@type\":\"WebPage\",\"@id\":\"https:\/\/fwdpanama.com\/desarrollo-pagina-web\/contacto\/\",\"url\":\"https:\/\/fwdpanama.com\/desarrollo-pagina-web\/contacto\/\",\"name\":\"Contacto - Future Web Design\",\"isPartOf\":{\"@id\":\"https:\/\/fwdpanama.com\/desarrollo-pagina-web\/#website\"},\"primaryImageOfPage\":{\"@id\":\"https:\/\/fwdpanama.com\/desarrollo-pagina-web\/contacto\/#primaryimage\"},\"image\":{\"@id\":\"https:\/\/fwdpanama.com\/desarrollo-pagina-web\/contacto\/#primaryimage\"},\"thumbnailUrl\":\"https:\/\/fwdpanama.com\/desarrollo-pagina-web\/wp-content\/uploads\/2024\/11\/detail4.png\",\"datePublished\":\"2024-11-25T23:54:06+00:00\",\"dateModified\":\"2026-03-17T00:33:42+00:00\",\"breadcrumb\":{\"@id\":\"https:\/\/fwdpanama.com\/desarrollo-pagina-web\/contacto\/#breadcrumb\"},\"inLanguage\":\"es\",\"potentialAction\":[{\"@type\":\"ReadAction\",\"target\":[\"https:\/\/fwdpanama.com\/desarrollo-pagina-web\/contacto\/\"]}]},{\"@type\":\"ImageObject\",\"inLanguage\":\"es\",\"@id\":\"https:\/\/fwdpanama.com\/desarrollo-pagina-web\/contacto\/#primaryimage\",\"url\":\"https:\/\/fwdpanama.com\/desarrollo-pagina-web\/wp-content\/uploads\/2024\/11\/detail4.png\",\"contentUrl\":\"https:\/\/fwdpanama.com\/desarrollo-pagina-web\/wp-content\/uploads\/2024\/11\/detail4.png\",\"width\":53,\"height\":55},{\"@type\":\"BreadcrumbList\",\"@id\":\"https:\/\/fwdpanama.com\/desarrollo-pagina-web\/contacto\/#breadcrumb\",\"itemListElement\":[{\"@type\":\"ListItem\",\"position\":1,\"name\":\"Portada\",\"item\":\"https:\/\/fwdpanama.com\/desarrollo-pagina-web\/\"},{\"@type\":\"ListItem\",\"position\":2,\"name\":\"Contacto\"}]},{\"@type\":\"WebSite\",\"@id\":\"https:\/\/fwdpanama.com\/desarrollo-pagina-web\/#website\",\"url\":\"https:\/\/fwdpanama.com\/desarrollo-pagina-web\/\",\"name\":\"Desarrollo Web y Dise\u00f1o Web Profesional en Panam\u00e1 - Future Web Design Panam\u00e1\",\"description\":\"Desarrollo web, seo y marketing digital en Panam\u00e1\",\"publisher\":{\"@id\":\"https:\/\/fwdpanama.com\/desarrollo-pagina-web\/#organization\"},\"potentialAction\":[{\"@type\":\"SearchAction\",\"target\":{\"@type\":\"EntryPoint\",\"urlTemplate\":\"https:\/\/fwdpanama.com\/desarrollo-pagina-web\/?s={search_term_string}\"},\"query-input\":{\"@type\":\"PropertyValueSpecification\",\"valueRequired\":true,\"valueName\":\"search_term_string\"}}],\"inLanguage\":\"es\"},{\"@type\":\"Organization\",\"@id\":\"https:\/\/fwdpanama.com\/desarrollo-pagina-web\/#organization\",\"name\":\"Desarrollo Web y Dise\u00f1o Web Profesional en Panam\u00e1 - Future Web Design Panam\u00e1\",\"url\":\"https:\/\/fwdpanama.com\/desarrollo-pagina-web\/\",\"logo\":{\"@type\":\"ImageObject\",\"inLanguage\":\"es\",\"@id\":\"https:\/\/fwdpanama.com\/desarrollo-pagina-web\/#\/schema\/logo\/image\/\",\"url\":\"https:\/\/fwdpanama.com\/desarrollo-pagina-web\/wp-content\/uploads\/2024\/11\/logo-fwd-web.png\",\"contentUrl\":\"https:\/\/fwdpanama.com\/desarrollo-pagina-web\/wp-content\/uploads\/2024\/11\/logo-fwd-web.png\",\"width\":260,\"height\":90,\"caption\":\"Desarrollo Web y Dise\u00f1o Web Profesional en Panam\u00e1 - Future Web Design Panam\u00e1\"},\"image\":{\"@id\":\"https:\/\/fwdpanama.com\/desarrollo-pagina-web\/#\/schema\/logo\/image\/\"},\"sameAs\":[\"https:\/\/www.instagram.com\/futurewebdigital\/\"]}]}<\/script>\n<!-- \/ Yoast SEO plugin. -->","yoast_head_json":{"title":"Contacto - Future Web Design","robots":{"index":"index","follow":"follow","max-snippet":"max-snippet:-1","max-image-preview":"max-image-preview:large","max-video-preview":"max-video-preview:-1"},"canonical":"https:\/\/fwdpanama.com\/desarrollo-pagina-web\/contacto\/","og_locale":"es_ES","og_type":"article","og_title":"Contacto - Future Web Design","og_description":"contacto Rellene el formulario de abajo para cotizar nuestros servicios Comun\u00edquese con nosotros Whatsapp.: +507 68016060 Email: info@fwdpanama.com FORMULARIO Tu crecimiento es nuestra prioridad, te acompa\u00f1amos en cada paso del camino. Agenda una llamada","og_url":"https:\/\/fwdpanama.com\/desarrollo-pagina-web\/contacto\/","og_site_name":"Future Web Design","article_modified_time":"2026-03-17T00:33:42+00:00","og_image":[{"width":53,"height":55,"url":"https:\/\/fwdpanama.com\/desarrollo-pagina-web\/wp-content\/uploads\/2024\/11\/detail4.png","type":"image\/png"}],"twitter_card":"summary_large_image","twitter_misc":{"Tiempo de lectura":"1 minuto"},"schema":{"@context":"https:\/\/schema.org","@graph":[{"@type":"WebPage","@id":"https:\/\/fwdpanama.com\/desarrollo-pagina-web\/contacto\/","url":"https:\/\/fwdpanama.com\/desarrollo-pagina-web\/contacto\/","name":"Contacto - Future Web Design","isPartOf":{"@id":"https:\/\/fwdpanama.com\/desarrollo-pagina-web\/#website"},"primaryImageOfPage":{"@id":"https:\/\/fwdpanama.com\/desarrollo-pagina-web\/contacto\/#primaryimage"},"image":{"@id":"https:\/\/fwdpanama.com\/desarrollo-pagina-web\/contacto\/#primaryimage"},"thumbnailUrl":"https:\/\/fwdpanama.com\/desarrollo-pagina-web\/wp-content\/uploads\/2024\/11\/detail4.png","datePublished":"2024-11-25T23:54:06+00:00","dateModified":"2026-03-17T00:33:42+00:00","breadcrumb":{"@id":"https:\/\/fwdpanama.com\/desarrollo-pagina-web\/contacto\/#breadcrumb"},"inLanguage":"es","potentialAction":[{"@type":"ReadAction","target":["https:\/\/fwdpanama.com\/desarrollo-pagina-web\/contacto\/"]}]},{"@type":"ImageObject","inLanguage":"es","@id":"https:\/\/fwdpanama.com\/desarrollo-pagina-web\/contacto\/#primaryimage","url":"https:\/\/fwdpanama.com\/desarrollo-pagina-web\/wp-content\/uploads\/2024\/11\/detail4.png","contentUrl":"https:\/\/fwdpanama.com\/desarrollo-pagina-web\/wp-content\/uploads\/2024\/11\/detail4.png","width":53,"height":55},{"@type":"BreadcrumbList","@id":"https:\/\/fwdpanama.com\/desarrollo-pagina-web\/contacto\/#breadcrumb","itemListElement":[{"@type":"ListItem","position":1,"name":"Portada","item":"https:\/\/fwdpanama.com\/desarrollo-pagina-web\/"},{"@type":"ListItem","position":2,"name":"Contacto"}]},{"@type":"WebSite","@id":"https:\/\/fwdpanama.com\/desarrollo-pagina-web\/#website","url":"https:\/\/fwdpanama.com\/desarrollo-pagina-web\/","name":"Desarrollo Web y Dise\u00f1o Web Profesional en Panam\u00e1 - Future Web Design Panam\u00e1","description":"Desarrollo web, seo y marketing digital en Panam\u00e1","publisher":{"@id":"https:\/\/fwdpanama.com\/desarrollo-pagina-web\/#organization"},"potentialAction":[{"@type":"SearchAction","target":{"@type":"EntryPoint","urlTemplate":"https:\/\/fwdpanama.com\/desarrollo-pagina-web\/?s={search_term_string}"},"query-input":{"@type":"PropertyValueSpecification","valueRequired":true,"valueName":"search_term_string"}}],"inLanguage":"es"},{"@type":"Organization","@id":"https:\/\/fwdpanama.com\/desarrollo-pagina-web\/#organization","name":"Desarrollo Web y Dise\u00f1o Web Profesional en Panam\u00e1 - Future Web Design Panam\u00e1","url":"https:\/\/fwdpanama.com\/desarrollo-pagina-web\/","logo":{"@type":"ImageObject","inLanguage":"es","@id":"https:\/\/fwdpanama.com\/desarrollo-pagina-web\/#\/schema\/logo\/image\/","url":"https:\/\/fwdpanama.com\/desarrollo-pagina-web\/wp-content\/uploads\/2024\/11\/logo-fwd-web.png","contentUrl":"https:\/\/fwdpanama.com\/desarrollo-pagina-web\/wp-content\/uploads\/2024\/11\/logo-fwd-web.png","width":260,"height":90,"caption":"Desarrollo Web y Dise\u00f1o Web Profesional en Panam\u00e1 - Future Web Design Panam\u00e1"},"image":{"@id":"https:\/\/fwdpanama.com\/desarrollo-pagina-web\/#\/schema\/logo\/image\/"},"sameAs":["https:\/\/www.instagram.com\/futurewebdigital\/"]}]}},"_links":{"self":[{"href":"https:\/\/fwdpanama.com\/desarrollo-pagina-web\/wp-json\/wp\/v2\/pages\/115","targetHints":{"allow":["GET"]}}],"collection":[{"href":"https:\/\/fwdpanama.com\/desarrollo-pagina-web\/wp-json\/wp\/v2\/pages"}],"about":[{"href":"https:\/\/fwdpanama.com\/desarrollo-pagina-web\/wp-json\/wp\/v2\/types\/page"}],"author":[{"embeddable":true,"href":"https:\/\/fwdpanama.com\/desarrollo-pagina-web\/wp-json\/wp\/v2\/users\/2"}],"replies":[{"embeddable":true,"href":"https:\/\/fwdpanama.com\/desarrollo-pagina-web\/wp-json\/wp\/v2\/comments?post=115"}],"version-history":[{"count":79,"href":"https:\/\/fwdpanama.com\/desarrollo-pagina-web\/wp-json\/wp\/v2\/pages\/115\/revisions"}],"predecessor-version":[{"id":1695,"href":"https:\/\/fwdpanama.com\/desarrollo-pagina-web\/wp-json\/wp\/v2\/pages\/115\/revisions\/1695"}],"wp:attachment":[{"href":"https:\/\/fwdpanama.com\/desarrollo-pagina-web\/wp-json\/wp\/v2\/media?parent=115"}],"curies":[{"name":"wp","href":"https:\/\/api.w.org\/{rel}","templated":true}]}}